{"id":2286,"date":"2012-11-05T11:41:52","date_gmt":"2012-11-05T11:41:52","guid":{"rendered":"http:\/\/gomerprinting.co.uk\/cwrdd-ar-tim\/"},"modified":"2024-07-10T15:30:36","modified_gmt":"2024-07-10T14:30:36","slug":"cwrdd-ar-tim","status":"publish","type":"page","link":"https:\/\/gomerprinting.co.uk\/cy\/cwrdd-ar-tim\/","title":{"rendered":"Cwrdd a\u2019r T\u00eem"},"content":{"rendered":"<div class=\"entry\">\n<p>&nbsp;<\/p>\n<table class=\"meet-team-list\" border=\"0\" width=\"693\" cellspacing=\"0\" cellpadding=\"0\">\n<colgroup>\n<col width=\"142\">\n<col width=\"695\"> <\/colgroup>\n<tbody>\n<tr>\n<td align=\"right\" width=\"142\" height=\"133\"><a href=\"https:\/\/gomerprinting.co.uk\/wp-content\/uploads\/2012\/11\/jonathan-lewis-small1.jpg\"><img loading=\"lazy\" decoding=\"async\" class=\"alignnone size-thumbnail wp-image-622\" title=\"jonathan-lewis-small\" src=\"https:\/\/gomerprinting.co.uk\/wp-content\/uploads\/2012\/11\/jonathan-lewis-small1-150x150.jpg\" alt=\"\" width=\"150\" height=\"150\" srcset=\"https:\/\/gomerprinting.co.uk\/wp-content\/uploads\/2012\/11\/jonathan-lewis-small1-150x150.jpg 150w, https:\/\/gomerprinting.co.uk\/wp-content\/uploads\/2012\/11\/jonathan-lewis-small1.jpg 217w\" sizes=\"auto, (max-width: 150px) 100vw, 150px\" \/><\/a><\/td>\n<td width=\"695\"><strong>Jonathan Lewis<\/strong><br \/>\n<em>Rheolwr Gyfarwyddwr<\/em><br \/>\ne-bost: <a href=\"mailto:jonathan@gomer.co.uk\">jonathan@gomer.co.uk<\/a><br \/>\nAr \u00f4l mynychu\u2019r Coleg Argraffu yn Llundain, ynghyd \u00e2 5 mlynedd o brofiad gydag argraffwr blaenllaw yn y ddinas, cymerodd Jonathan yr awenau yn 1995.&nbsp; Ef yw\u2019r bedwaredd genhedlaeth o deulu Lewis i redeg y cwmni ac fe fu\u2019n gyfrifol am y rhaglen ymestyn ddiweddar.<\/td>\n<\/tr>\n<tr>\n<td align=\"right\" height=\"133\"><a href=\"https:\/\/gomerprinting.co.uk\/wp-content\/uploads\/2012\/11\/rod-lewis-small.jpg\"><img loading=\"lazy\" decoding=\"async\" class=\"alignnone size-thumbnail wp-image-624\" title=\"rod-lewis-small\" src=\"https:\/\/gomerprinting.co.uk\/wp-content\/uploads\/2012\/11\/rod-lewis-small-150x150.jpg\" alt=\"\" width=\"150\" height=\"150\" srcset=\"https:\/\/gomerprinting.co.uk\/wp-content\/uploads\/2012\/11\/rod-lewis-small-150x150.jpg 150w, https:\/\/gomerprinting.co.uk\/wp-content\/uploads\/2012\/11\/rod-lewis-small.jpg 217w\" sizes=\"auto, (max-width: 150px) 100vw, 150px\" \/><\/a><\/td>\n<td><strong>Rod Lewis<\/strong><br \/>\n<em>Cyfarwyddwr Technegol<\/em><br \/>\ne-bost: <a href=\"mailto:rod@gomer.co.uk\">rod@gomer.co.uk<\/a><br \/>\nMae Rod yn aelod arall o bedwaredd genhedlaeth y teulu, ac mae ganddo gyfrifoldeb dros reoli\u2019r adran rwymo sy\u2019n cynnwys dau rwymwr, Stahl, Llinell Rwymo Wohlenberg Golf a llinell gwn\u00efo Heidelberg ST400 6 gorsaf a chlawr. Ef sydd hefyd yn goruchwylio\u2019r offer Kolbus newydd ar gyfer rhwymo clawr caled..<\/td>\n<\/tr>\n<tr>\n<td align=\"right\" height=\"133\"><a href=\"https:\/\/gomerprinting.co.uk\/wp-content\/uploads\/2012\/11\/jbl-small.jpg\"><img loading=\"lazy\" decoding=\"async\" class=\"alignnone size-thumbnail wp-image-625\" title=\"jbl-small\" src=\"https:\/\/gomerprinting.co.uk\/wp-content\/uploads\/2012\/11\/jbl-small-150x150.jpg\" alt=\"\" width=\"150\" height=\"150\" srcset=\"https:\/\/gomerprinting.co.uk\/wp-content\/uploads\/2012\/11\/jbl-small-150x150.jpg 150w, https:\/\/gomerprinting.co.uk\/wp-content\/uploads\/2012\/11\/jbl-small.jpg 217w\" sizes=\"auto, (max-width: 150px) 100vw, 150px\" \/><\/a><\/td>\n<td><strong>John B. Lewis<\/strong><br \/>\n<em>Gwasanaethau Cwsmeriaid<\/em><br \/>\ne-bost: <a href=\"mailto:john@gomer.co.uk\">john@gomer.co.uk<\/a><br \/>\nMae gan John brofiad o dros 25 mlynedd yn y diwydiant argraffu. Mae ei afael ar y rhaglen argraffu ynghyd \u00e2 phersonoliaeth hawdd mynd ato yn ei wneud yn gyswllt delfrydol gyda chwsmeriaid a darpar gwsmeriaid.<\/td>\n<\/tr>\n<tr>\n<td align=\"right\" height=\"133\"><a href=\"https:\/\/gomerprinting.co.uk\/wp-content\/uploads\/2012\/11\/pit-davies-small.jpg\"><img loading=\"lazy\" decoding=\"async\" class=\"alignnone size-thumbnail wp-image-626\" title=\"pit-davies-small\" src=\"https:\/\/gomerprinting.co.uk\/wp-content\/uploads\/2012\/11\/pit-davies-small-150x150.jpg\" alt=\"\" width=\"150\" height=\"150\" srcset=\"https:\/\/gomerprinting.co.uk\/wp-content\/uploads\/2012\/11\/pit-davies-small-150x150.jpg 150w, https:\/\/gomerprinting.co.uk\/wp-content\/uploads\/2012\/11\/pit-davies-small.jpg 217w\" sizes=\"auto, (max-width: 150px) 100vw, 150px\" \/><\/a><\/td>\n<td><strong>Pit Davies<\/strong><br \/>\n<em>Uwch Amcangyfrifydd<\/em><br \/>\ne-bost: <a href=\"mailto:pitd@gomer.co.uk\">pitd@gomer.co.uk<\/a><br \/>\nMae P\u00eet yn gyfarwydd \u00e2 pharatoi prisiau yn gyflym yn ogystal \u00e2 chynghori cwsmeriaid ar y dulliau fwyaf cost effeithiol o gynhyrchu mathau gwahanol o waith.&nbsp; Bu\u2019n rhan o\u2019r cwmni am dros 30 mlynedd ac mae wedi datblygu o gynhyrchu ffilm i weithio ar y Macs cyn cael ei benodi i\u2019w swydd bresennol.<\/td>\n<\/tr>\n<tr>\n<td align=\"right\" height=\"133\">&nbsp;<\/td>\n<td>&nbsp;<\/td>\n<\/tr>\n<tr>\n<td align=\"right\" height=\"133\">&nbsp;<\/td>\n<\/tr>\n<\/tbody>\n<\/table>\n<p>&nbsp;<\/p>\n<p>&nbsp;<\/p>\n<p>&nbsp;<\/p>\n<\/div>\n","protected":false},"excerpt":{"rendered":"<p>&nbsp; Jonathan Lewis Rheolwr Gyfarwyddwr e-bost: jonathan@gomer.co.uk Ar \u00f4l mynychu\u2019r Coleg Argraffu yn Llundain, ynghyd \u00e2 5 mlynedd o brofiad gydag argraffwr blaenllaw yn y ddinas, cymerodd Jonathan yr awenau yn 1995.&nbsp; Ef yw\u2019r bedwaredd genhedlaeth o deulu Lewis i redeg y cwmni ac fe fu\u2019n gyfrifol am y rhaglen ymestyn ddiweddar. Rod Lewis Cyfarwyddwr &#8230;<\/p>\n","protected":false},"author":1,"featured_media":0,"parent":0,"menu_order":0,"comment_status":"closed","ping_status":"closed","template":"","meta":{"_acf_changed":false,"ngg_post_thumbnail":0,"footnotes":""},"class_list":["post-2286","page","type-page","status-publish"],"acf":[],"yoast_head":"<!-- This site is optimized with the Yoast SEO plugin v27.3 - https:\/\/yoast.com\/product\/yoast-seo-wordpress\/ -->\n<title>Cwrdd a\u2019r T\u00eem - Gomer Press<\/title>\n<meta name=\"description\" content=\"Gomer Press boasts a highly skilled workforce with multiple masters of each stage of book printing and binding.\" \/>\n<meta name=\"robots\" content=\"index, follow, max-snippet:-1, max-image-preview:large, max-video-preview:-1\" \/>\n<link rel=\"canonical\" href=\"https:\/\/gomerprinting.co.uk\/cy\/cwrdd-ar-tim\/\" \/>\n<meta property=\"og:locale\" content=\"cy_GB\" \/>\n<meta property=\"og:type\" content=\"article\" \/>\n<meta property=\"og:title\" content=\"Cwrdd a\u2019r T\u00eem - Gomer Press\" \/>\n<meta property=\"og:description\" content=\"Gomer Press boasts a highly skilled workforce with multiple masters of each stage of book printing and binding.\" \/>\n<meta property=\"og:url\" content=\"https:\/\/gomerprinting.co.uk\/cy\/cwrdd-ar-tim\/\" \/>\n<meta property=\"og:site_name\" content=\"Gomer Press\" \/>\n<meta property=\"article:modified_time\" content=\"2024-07-10T14:30:36+00:00\" \/>\n<meta property=\"og:image\" content=\"https:\/\/gomerprinting.co.uk\/wp-content\/uploads\/2012\/11\/jonathan-lewis-small1-150x150.jpg\" \/>\n<meta name=\"twitter:card\" content=\"summary_large_image\" \/>\n<meta name=\"twitter:site\" content=\"@gomerprinting\" \/>\n<meta name=\"twitter:label1\" content=\"Est. reading time\" \/>\n\t<meta name=\"twitter:data1\" content=\"3 minutes\" \/>\n<script type=\"application\/ld+json\" class=\"yoast-schema-graph\">{\"@context\":\"https:\\\/\\\/schema.org\",\"@graph\":[{\"@type\":\"WebPage\",\"@id\":\"https:\\\/\\\/gomerprinting.co.uk\\\/cy\\\/cwrdd-ar-tim\\\/\",\"url\":\"https:\\\/\\\/gomerprinting.co.uk\\\/cy\\\/cwrdd-ar-tim\\\/\",\"name\":\"Cwrdd a\u2019r T\u00eem - Gomer Press\",\"isPartOf\":{\"@id\":\"https:\\\/\\\/gomerprinting.co.uk\\\/#website\"},\"primaryImageOfPage\":{\"@id\":\"https:\\\/\\\/gomerprinting.co.uk\\\/cy\\\/cwrdd-ar-tim\\\/#primaryimage\"},\"image\":{\"@id\":\"https:\\\/\\\/gomerprinting.co.uk\\\/cy\\\/cwrdd-ar-tim\\\/#primaryimage\"},\"thumbnailUrl\":\"https:\\\/\\\/gomerprinting.co.uk\\\/wp-content\\\/uploads\\\/2012\\\/11\\\/jonathan-lewis-small1-150x150.jpg\",\"datePublished\":\"2012-11-05T11:41:52+00:00\",\"dateModified\":\"2024-07-10T14:30:36+00:00\",\"description\":\"Gomer Press boasts a highly skilled workforce with multiple masters of each stage of book printing and binding.\",\"breadcrumb\":{\"@id\":\"https:\\\/\\\/gomerprinting.co.uk\\\/cy\\\/cwrdd-ar-tim\\\/#breadcrumb\"},\"inLanguage\":\"cy-GB\",\"potentialAction\":[{\"@type\":\"ReadAction\",\"target\":[\"https:\\\/\\\/gomerprinting.co.uk\\\/cy\\\/cwrdd-ar-tim\\\/\"]}]},{\"@type\":\"ImageObject\",\"inLanguage\":\"cy-GB\",\"@id\":\"https:\\\/\\\/gomerprinting.co.uk\\\/cy\\\/cwrdd-ar-tim\\\/#primaryimage\",\"url\":\"https:\\\/\\\/gomerprinting.co.uk\\\/wp-content\\\/uploads\\\/2012\\\/11\\\/jonathan-lewis-small1-150x150.jpg\",\"contentUrl\":\"https:\\\/\\\/gomerprinting.co.uk\\\/wp-content\\\/uploads\\\/2012\\\/11\\\/jonathan-lewis-small1-150x150.jpg\"},{\"@type\":\"BreadcrumbList\",\"@id\":\"https:\\\/\\\/gomerprinting.co.uk\\\/cy\\\/cwrdd-ar-tim\\\/#breadcrumb\",\"itemListElement\":[{\"@type\":\"ListItem\",\"position\":1,\"name\":\"Home\",\"item\":\"https:\\\/\\\/gomerprinting.co.uk\\\/cy\\\/\"},{\"@type\":\"ListItem\",\"position\":2,\"name\":\"Cwrdd a\u2019r T\u00eem\"}]},{\"@type\":\"WebSite\",\"@id\":\"https:\\\/\\\/gomerprinting.co.uk\\\/#website\",\"url\":\"https:\\\/\\\/gomerprinting.co.uk\\\/\",\"name\":\"Gomer Press\",\"description\":\"Printers and Book Manufacturers\",\"publisher\":{\"@id\":\"https:\\\/\\\/gomerprinting.co.uk\\\/#organization\"},\"potentialAction\":[{\"@type\":\"SearchAction\",\"target\":{\"@type\":\"EntryPoint\",\"urlTemplate\":\"https:\\\/\\\/gomerprinting.co.uk\\\/?s={search_term_string}\"},\"query-input\":{\"@type\":\"PropertyValueSpecification\",\"valueRequired\":true,\"valueName\":\"search_term_string\"}}],\"inLanguage\":\"cy-GB\"},{\"@type\":\"Organization\",\"@id\":\"https:\\\/\\\/gomerprinting.co.uk\\\/#organization\",\"name\":\"Gomer Press\",\"url\":\"https:\\\/\\\/gomerprinting.co.uk\\\/\",\"logo\":{\"@type\":\"ImageObject\",\"inLanguage\":\"cy-GB\",\"@id\":\"https:\\\/\\\/gomerprinting.co.uk\\\/#\\\/schema\\\/logo\\\/image\\\/\",\"url\":\"https:\\\/\\\/gomerprinting.co.uk\\\/wp-content\\\/uploads\\\/2025\\\/03\\\/gomer-logo-printweek-1.png\",\"contentUrl\":\"https:\\\/\\\/gomerprinting.co.uk\\\/wp-content\\\/uploads\\\/2025\\\/03\\\/gomer-logo-printweek-1.png\",\"width\":500,\"height\":112,\"caption\":\"Gomer Press\"},\"image\":{\"@id\":\"https:\\\/\\\/gomerprinting.co.uk\\\/#\\\/schema\\\/logo\\\/image\\\/\"},\"sameAs\":[\"https:\\\/\\\/x.com\\\/gomerprinting\"]}]}<\/script>\n<!-- \/ Yoast SEO plugin. -->","yoast_head_json":{"title":"Cwrdd a\u2019r T\u00eem - Gomer Press","description":"Gomer Press boasts a highly skilled workforce with multiple masters of each stage of book printing and binding.","robots":{"index":"index","follow":"follow","max-snippet":"max-snippet:-1","max-image-preview":"max-image-preview:large","max-video-preview":"max-video-preview:-1"},"canonical":"https:\/\/gomerprinting.co.uk\/cy\/cwrdd-ar-tim\/","og_locale":"cy_GB","og_type":"article","og_title":"Cwrdd a\u2019r T\u00eem - Gomer Press","og_description":"Gomer Press boasts a highly skilled workforce with multiple masters of each stage of book printing and binding.","og_url":"https:\/\/gomerprinting.co.uk\/cy\/cwrdd-ar-tim\/","og_site_name":"Gomer Press","article_modified_time":"2024-07-10T14:30:36+00:00","og_image":[{"url":"https:\/\/gomerprinting.co.uk\/wp-content\/uploads\/2012\/11\/jonathan-lewis-small1-150x150.jpg","type":"","width":"","height":""}],"twitter_card":"summary_large_image","twitter_site":"@gomerprinting","twitter_misc":{"Est. reading time":"3 minutes"},"schema":{"@context":"https:\/\/schema.org","@graph":[{"@type":"WebPage","@id":"https:\/\/gomerprinting.co.uk\/cy\/cwrdd-ar-tim\/","url":"https:\/\/gomerprinting.co.uk\/cy\/cwrdd-ar-tim\/","name":"Cwrdd a\u2019r T\u00eem - Gomer Press","isPartOf":{"@id":"https:\/\/gomerprinting.co.uk\/#website"},"primaryImageOfPage":{"@id":"https:\/\/gomerprinting.co.uk\/cy\/cwrdd-ar-tim\/#primaryimage"},"image":{"@id":"https:\/\/gomerprinting.co.uk\/cy\/cwrdd-ar-tim\/#primaryimage"},"thumbnailUrl":"https:\/\/gomerprinting.co.uk\/wp-content\/uploads\/2012\/11\/jonathan-lewis-small1-150x150.jpg","datePublished":"2012-11-05T11:41:52+00:00","dateModified":"2024-07-10T14:30:36+00:00","description":"Gomer Press boasts a highly skilled workforce with multiple masters of each stage of book printing and binding.","breadcrumb":{"@id":"https:\/\/gomerprinting.co.uk\/cy\/cwrdd-ar-tim\/#breadcrumb"},"inLanguage":"cy-GB","potentialAction":[{"@type":"ReadAction","target":["https:\/\/gomerprinting.co.uk\/cy\/cwrdd-ar-tim\/"]}]},{"@type":"ImageObject","inLanguage":"cy-GB","@id":"https:\/\/gomerprinting.co.uk\/cy\/cwrdd-ar-tim\/#primaryimage","url":"https:\/\/gomerprinting.co.uk\/wp-content\/uploads\/2012\/11\/jonathan-lewis-small1-150x150.jpg","contentUrl":"https:\/\/gomerprinting.co.uk\/wp-content\/uploads\/2012\/11\/jonathan-lewis-small1-150x150.jpg"},{"@type":"BreadcrumbList","@id":"https:\/\/gomerprinting.co.uk\/cy\/cwrdd-ar-tim\/#breadcrumb","itemListElement":[{"@type":"ListItem","position":1,"name":"Home","item":"https:\/\/gomerprinting.co.uk\/cy\/"},{"@type":"ListItem","position":2,"name":"Cwrdd a\u2019r T\u00eem"}]},{"@type":"WebSite","@id":"https:\/\/gomerprinting.co.uk\/#website","url":"https:\/\/gomerprinting.co.uk\/","name":"Gomer Press","description":"Printers and Book Manufacturers","publisher":{"@id":"https:\/\/gomerprinting.co.uk\/#organization"},"potentialAction":[{"@type":"SearchAction","target":{"@type":"EntryPoint","urlTemplate":"https:\/\/gomerprinting.co.uk\/?s={search_term_string}"},"query-input":{"@type":"PropertyValueSpecification","valueRequired":true,"valueName":"search_term_string"}}],"inLanguage":"cy-GB"},{"@type":"Organization","@id":"https:\/\/gomerprinting.co.uk\/#organization","name":"Gomer Press","url":"https:\/\/gomerprinting.co.uk\/","logo":{"@type":"ImageObject","inLanguage":"cy-GB","@id":"https:\/\/gomerprinting.co.uk\/#\/schema\/logo\/image\/","url":"https:\/\/gomerprinting.co.uk\/wp-content\/uploads\/2025\/03\/gomer-logo-printweek-1.png","contentUrl":"https:\/\/gomerprinting.co.uk\/wp-content\/uploads\/2025\/03\/gomer-logo-printweek-1.png","width":500,"height":112,"caption":"Gomer Press"},"image":{"@id":"https:\/\/gomerprinting.co.uk\/#\/schema\/logo\/image\/"},"sameAs":["https:\/\/x.com\/gomerprinting"]}]}},"_links":{"self":[{"href":"https:\/\/gomerprinting.co.uk\/cy\/wp-json\/wp\/v2\/pages\/2286","targetHints":{"allow":["GET"]}}],"collection":[{"href":"https:\/\/gomerprinting.co.uk\/cy\/wp-json\/wp\/v2\/pages"}],"about":[{"href":"https:\/\/gomerprinting.co.uk\/cy\/wp-json\/wp\/v2\/types\/page"}],"author":[{"embeddable":true,"href":"https:\/\/gomerprinting.co.uk\/cy\/wp-json\/wp\/v2\/users\/1"}],"replies":[{"embeddable":true,"href":"https:\/\/gomerprinting.co.uk\/cy\/wp-json\/wp\/v2\/comments?post=2286"}],"version-history":[{"count":3,"href":"https:\/\/gomerprinting.co.uk\/cy\/wp-json\/wp\/v2\/pages\/2286\/revisions"}],"predecessor-version":[{"id":2913,"href":"https:\/\/gomerprinting.co.uk\/cy\/wp-json\/wp\/v2\/pages\/2286\/revisions\/2913"}],"wp:attachment":[{"href":"https:\/\/gomerprinting.co.uk\/cy\/wp-json\/wp\/v2\/media?parent=2286"}],"curies":[{"name":"wp","href":"https:\/\/api.w.org\/{rel}","templated":true}]}}